{"id":3,"date":"2026-03-03T18:01:24","date_gmt":"2026-03-03T18:01:24","guid":{"rendered":"https:\/\/energiasanpablo.com\/?page_id=3"},"modified":"2026-03-04T11:42:59","modified_gmt":"2026-03-04T17:42:59","slug":"privacy-policy","status":"publish","type":"page","link":"https:\/\/gaxcoes.com\/index.php\/privacy-policy\/","title":{"rendered":"Aviso de Privacidad"},"content":{"rendered":"\n<h2 class=\"wp-block-heading\">La empresa GAXCOPETROL de MEXICO SA de CV es responsable por el tratamiento de sus datos personales y al respecto le informa lo siguiente:<\/h2>\n\n\n\n<h2 class=\"wp-block-heading\">\u00bfComo contactarnos?<\/h2>\n\n\n\n<p>Nuestras oficinas se encuentran ubicadas en Avenida Tepeyac n\u00famero 5030, Conjunto Patria, en Zapopan, Jalisco.<br>Los tel\u00e9fonos que tenemos disponible para que nos contacte son el (33) 33 43 4514 y 33 43<br>El personal encargado del tratamiento y protecci\u00f3n de sus datos personales es nuestro Departamento Contable, a quien puede contactar en la siguiente direcci\u00f3n  electr\u00f3nica: privacidadtepeyac@gaxco.com.mx<\/p>\n\n\n\n<h2 class=\"wp-block-heading\">\u00bfPara qu\u00e9 fines recabamos y utilizamos sus datos personales?<\/h2>\n\n\n\n<p>Nuestra empresa est\u00e1 enfocada a las estaciones de servicio (gasolineras), y para el<br>cumplimiento de nuestro objeto necesitamos recabar ciertos datos personales, los cuales ser\u00e1n<br>utilizados con las siguientes finalidades: &#8211;<br>&#8211; Elaboraci\u00f3n de facturas<br>&#8211; Informar sobre promociones<br>&#8211; Realizar gestiones de cr\u00e9dito<\/p>\n\n\n\n<h2 class=\"wp-block-heading\">\u00bfQu\u00e9 datos personales obtenemos y de d\u00f3nde?<\/h2>\n\n\n\n<p>Para las finalidades se\u00f1aladas en el presente aviso de privacidad, podemos recabar sus datos personales de distintas formas: cuando usted nos los proporciona directamente en forma personal en nuestras estaciones de servicio, por tel\u00e9fono, o cuando nos env\u00eda un correo electr\u00f3nico. <br>Los datos que obtenemos de nuestros clientes pueden ser, entre otros: <br>&#8211; Nombre completo o raz\u00f3n social<br>&#8211; Domicilio<br>&#8211; Tel\u00e9fono m\u00f3vil<br>&#8211; Correo electr\u00f3nico<br>&#8211; RFC<br>&#8211; Tel\u00e9fono fijo<\/p>\n\n\n\n<h2 class=\"wp-block-heading\">\u00bfC\u00f3mo puede ejercer sus derechos \u201cARCO\u201d o revocar su consentimiento para el tratamiento de sus datos?<\/h2>\n\n\n\n<p>Usted tiene el derecho de Acceder, Rectificar, Cancelar u Oponerse (ARCO) al tratamiento de los datos personales que poseemos: tiene el derecho de acceder a los detalles de los mismos, rectificarlos en caso de ser inexactos o incompletos; as\u00ed como cancelarlos cuando considere que no se requieren para alguna de las finalidades se\u00f1alados en el presente aviso de privacidad, o que est\u00e9n siendo utilizados para finalidades no consentidas o haya finalizado la relaci\u00f3n contractual o de servicio; o bien, oponerse al tratamiento de los mismos para fines espec\u00edficos.<br>En todo momento, usted podr\u00e1 revocar el consentimiento que nos ha otorgado para el tratamiento de sus datos personales, a fin de que dejemos de hacer uso de los mismos.<br>La manera que hemos implementado para el ejercicio de dichos derechos es por v\u00eda telef\u00f3nica o a trav\u00e9s de un correo electr\u00f3nico dirigido a la siguiente direcci\u00f3n electr\u00f3nica: privacidadtepeyac@gaxco.com.mx. Dicho correo deber\u00e1 contener al menos la siguiente informaci\u00f3n: <br>&#8211; Su nombre completo o raz\u00f3n social <br>&#8211; Correo electr\u00f3nico u otro medio para comunicarle la respuesta<br>&#8211; Documento que acredite su identidad. <br>&#8211; Descripci\u00f3n clara y precisa de los datos personales respecto de los cuales busca ejercer su derecho. <br>&#8211; Cualquier otro elemento o documento que facilite la localizaci\u00f3n de los datos personales.<br>Nos comprometemos a atender su solicitud en un plazo de 72 horas h\u00e1biles y le informaremos sobre la procedencia de la misma a trav\u00e9s del medio proporcionado por usted.<br>Otro mecanismo es en forma personal acudiendo directamente a nuestras oficinas, previo llenado de un formato que encontrar\u00e1 al final del presente aviso.<\/p>\n\n\n\n<h2 class=\"wp-block-heading\">Modificaciones al aviso de privacidad<\/h2>\n\n\n\n<p>Nos reservamos el derecho de efectuar en cualquier momento modificaciones o actualizaciones al presente aviso de privacidad, para la atenci\u00f3n de cambios legislativos o pol\u00edticas internas nuevas. Nos comprometemos a mantenerlo informado de tal situaci\u00f3n a trav\u00e9s de nuestra p\u00e1gina de internet www.gaxcoes.com<\/p>\n\n\n\n<h2 class=\"wp-block-heading\">\u00bfAnte qui\u00e9n puede presentar sus quejas y denuncias por el tratamiento indebido de sus datos personales?<\/h2>\n\n\n\n<p>Si usted considera que su derecho de protecci\u00f3n de datos personales ha sido lesionado por alguna conducta de nuestros empleados o de nuestras actuaciones o respuestas, o presume que en el tratamiento de sus datos personales existe alguna violaci\u00f3n a las disposiciones previstas en la Ley Federal de Protecci\u00f3n de Datos Personales en Posesi\u00f3n de los Particulares, podr\u00e1 interponer la queja o denuncia correspondiente ante el IFAI, para mayor informaci\u00f3n visite <br>www.ifai.org.mx<\/p>\n\n\n\n<p><\/p>\n","protected":false},"excerpt":{"rendered":"<p>La empresa GAXCOPETROL de MEXICO SA de CV es responsable por el tratamiento de sus datos personales y al respecto le informa lo siguiente: \u00bfComo contactarnos? Nuestras oficinas se encuentran ubicadas en Avenida Tepeyac n\u00famero 5030, Conjunto Patria, en Zapopan, Jalisco.Los tel\u00e9fonos que tenemos disponible para que nos contacte son el (33) 33 43 4514&#8230;<\/p>\n","protected":false},"author":1,"featured_media":0,"parent":0,"menu_order":0,"comment_status":"closed","ping_status":"closed","template":"","meta":{"_kadence_starter_templates_imported_post":false,"_swpsp_post_exclude":false,"_kad_post_transparent":"","_kad_post_title":"","_kad_post_layout":"","_kad_post_sidebar_id":"","_kad_post_content_style":"","_kad_post_vertical_padding":"","_kad_post_feature":"","_kad_post_feature_position":"","_kad_post_header":false,"_kad_post_footer":false,"_kad_post_classname":"","footnotes":""},"class_list":["post-3","page","type-page","status-publish","hentry"],"yoast_head":"<!-- This site is optimized with the Yoast SEO plugin v27.4 - https:\/\/yoast.com\/product\/yoast-seo-wordpress\/ -->\n<title>Aviso de Privacidad - GAXco<\/title>\n<meta name=\"robots\" content=\"index, follow, max-snippet:-1, max-image-preview:large, max-video-preview:-1\" \/>\n<link rel=\"canonical\" href=\"https:\/\/gaxcoes.com\/index.php\/privacy-policy\/\" \/>\n<meta property=\"og:locale\" content=\"es_ES\" \/>\n<meta property=\"og:type\" content=\"article\" \/>\n<meta property=\"og:title\" content=\"Aviso de Privacidad - GAXco\" \/>\n<meta property=\"og:description\" content=\"La empresa GAXCOPETROL de MEXICO SA de CV es responsable por el tratamiento de sus datos personales y al respecto le informa lo siguiente: \u00bfComo contactarnos? Nuestras oficinas se encuentran ubicadas en Avenida Tepeyac n\u00famero 5030, Conjunto Patria, en Zapopan, Jalisco.Los tel\u00e9fonos que tenemos disponible para que nos contacte son el (33) 33 43 4514...\" \/>\n<meta property=\"og:url\" content=\"https:\/\/gaxcoes.com\/index.php\/privacy-policy\/\" \/>\n<meta property=\"og:site_name\" content=\"GAXco\" \/>\n<meta property=\"article:modified_time\" content=\"2026-03-04T17:42:59+00:00\" \/>\n<meta name=\"twitter:card\" content=\"summary_large_image\" \/>\n<meta name=\"twitter:label1\" content=\"Tiempo de lectura\" \/>\n\t<meta name=\"twitter:data1\" content=\"3 minutos\" \/>\n<script type=\"application\/ld+json\" class=\"yoast-schema-graph\">{\"@context\":\"https:\\\/\\\/schema.org\",\"@graph\":[{\"@type\":\"WebPage\",\"@id\":\"https:\\\/\\\/gaxcoes.com\\\/index.php\\\/privacy-policy\\\/\",\"url\":\"https:\\\/\\\/gaxcoes.com\\\/index.php\\\/privacy-policy\\\/\",\"name\":\"Aviso de Privacidad - GAXco\",\"isPartOf\":{\"@id\":\"https:\\\/\\\/gaxcoes.com\\\/#website\"},\"datePublished\":\"2026-03-03T18:01:24+00:00\",\"dateModified\":\"2026-03-04T17:42:59+00:00\",\"breadcrumb\":{\"@id\":\"https:\\\/\\\/gaxcoes.com\\\/index.php\\\/privacy-policy\\\/#breadcrumb\"},\"inLanguage\":\"es\",\"potentialAction\":[{\"@type\":\"ReadAction\",\"target\":[\"https:\\\/\\\/gaxcoes.com\\\/index.php\\\/privacy-policy\\\/\"]}]},{\"@type\":\"BreadcrumbList\",\"@id\":\"https:\\\/\\\/gaxcoes.com\\\/index.php\\\/privacy-policy\\\/#breadcrumb\",\"itemListElement\":[{\"@type\":\"ListItem\",\"position\":1,\"name\":\"Portada\",\"item\":\"https:\\\/\\\/gaxcoes.com\\\/\"},{\"@type\":\"ListItem\",\"position\":2,\"name\":\"Aviso de Privacidad\"}]},{\"@type\":\"WebSite\",\"@id\":\"https:\\\/\\\/gaxcoes.com\\\/#website\",\"url\":\"https:\\\/\\\/gaxcoes.com\\\/\",\"name\":\"Energia San Pablo\",\"description\":\"\u00a1La Estaci\u00f3n de gax que te da m\u00e1s!\",\"publisher\":{\"@id\":\"https:\\\/\\\/gaxcoes.com\\\/#organization\"},\"potentialAction\":[{\"@type\":\"SearchAction\",\"target\":{\"@type\":\"EntryPoint\",\"urlTemplate\":\"https:\\\/\\\/gaxcoes.com\\\/?s={search_term_string}\"},\"query-input\":{\"@type\":\"PropertyValueSpecification\",\"valueRequired\":true,\"valueName\":\"search_term_string\"}}],\"inLanguage\":\"es\"},{\"@type\":\"Organization\",\"@id\":\"https:\\\/\\\/gaxcoes.com\\\/#organization\",\"name\":\"Energia San Pablo\",\"url\":\"https:\\\/\\\/gaxcoes.com\\\/\",\"logo\":{\"@type\":\"ImageObject\",\"inLanguage\":\"es\",\"@id\":\"https:\\\/\\\/gaxcoes.com\\\/#\\\/schema\\\/logo\\\/image\\\/\",\"url\":\"https:\\\/\\\/gaxcoes.com\\\/wp-content\\\/uploads\\\/2026\\\/03\\\/cropped-gaxco_logo.png\",\"contentUrl\":\"https:\\\/\\\/gaxcoes.com\\\/wp-content\\\/uploads\\\/2026\\\/03\\\/cropped-gaxco_logo.png\",\"width\":224,\"height\":234,\"caption\":\"Energia San Pablo\"},\"image\":{\"@id\":\"https:\\\/\\\/gaxcoes.com\\\/#\\\/schema\\\/logo\\\/image\\\/\"}}]}<\/script>\n<!-- \/ Yoast SEO plugin. -->","yoast_head_json":{"title":"Aviso de Privacidad - GAXco","robots":{"index":"index","follow":"follow","max-snippet":"max-snippet:-1","max-image-preview":"max-image-preview:large","max-video-preview":"max-video-preview:-1"},"canonical":"https:\/\/gaxcoes.com\/index.php\/privacy-policy\/","og_locale":"es_ES","og_type":"article","og_title":"Aviso de Privacidad - GAXco","og_description":"La empresa GAXCOPETROL de MEXICO SA de CV es responsable por el tratamiento de sus datos personales y al respecto le informa lo siguiente: \u00bfComo contactarnos? Nuestras oficinas se encuentran ubicadas en Avenida Tepeyac n\u00famero 5030, Conjunto Patria, en Zapopan, Jalisco.Los tel\u00e9fonos que tenemos disponible para que nos contacte son el (33) 33 43 4514...","og_url":"https:\/\/gaxcoes.com\/index.php\/privacy-policy\/","og_site_name":"GAXco","article_modified_time":"2026-03-04T17:42:59+00:00","twitter_card":"summary_large_image","twitter_misc":{"Tiempo de lectura":"3 minutos"},"schema":{"@context":"https:\/\/schema.org","@graph":[{"@type":"WebPage","@id":"https:\/\/gaxcoes.com\/index.php\/privacy-policy\/","url":"https:\/\/gaxcoes.com\/index.php\/privacy-policy\/","name":"Aviso de Privacidad - GAXco","isPartOf":{"@id":"https:\/\/gaxcoes.com\/#website"},"datePublished":"2026-03-03T18:01:24+00:00","dateModified":"2026-03-04T17:42:59+00:00","breadcrumb":{"@id":"https:\/\/gaxcoes.com\/index.php\/privacy-policy\/#breadcrumb"},"inLanguage":"es","potentialAction":[{"@type":"ReadAction","target":["https:\/\/gaxcoes.com\/index.php\/privacy-policy\/"]}]},{"@type":"BreadcrumbList","@id":"https:\/\/gaxcoes.com\/index.php\/privacy-policy\/#breadcrumb","itemListElement":[{"@type":"ListItem","position":1,"name":"Portada","item":"https:\/\/gaxcoes.com\/"},{"@type":"ListItem","position":2,"name":"Aviso de Privacidad"}]},{"@type":"WebSite","@id":"https:\/\/gaxcoes.com\/#website","url":"https:\/\/gaxcoes.com\/","name":"Energia San Pablo","description":"\u00a1La Estaci\u00f3n de gax que te da m\u00e1s!","publisher":{"@id":"https:\/\/gaxcoes.com\/#organization"},"potentialAction":[{"@type":"SearchAction","target":{"@type":"EntryPoint","urlTemplate":"https:\/\/gaxcoes.com\/?s={search_term_string}"},"query-input":{"@type":"PropertyValueSpecification","valueRequired":true,"valueName":"search_term_string"}}],"inLanguage":"es"},{"@type":"Organization","@id":"https:\/\/gaxcoes.com\/#organization","name":"Energia San Pablo","url":"https:\/\/gaxcoes.com\/","logo":{"@type":"ImageObject","inLanguage":"es","@id":"https:\/\/gaxcoes.com\/#\/schema\/logo\/image\/","url":"https:\/\/gaxcoes.com\/wp-content\/uploads\/2026\/03\/cropped-gaxco_logo.png","contentUrl":"https:\/\/gaxcoes.com\/wp-content\/uploads\/2026\/03\/cropped-gaxco_logo.png","width":224,"height":234,"caption":"Energia San Pablo"},"image":{"@id":"https:\/\/gaxcoes.com\/#\/schema\/logo\/image\/"}}]}},"_links":{"self":[{"href":"https:\/\/gaxcoes.com\/index.php\/wp-json\/wp\/v2\/pages\/3","targetHints":{"allow":["GET"]}}],"collection":[{"href":"https:\/\/gaxcoes.com\/index.php\/wp-json\/wp\/v2\/pages"}],"about":[{"href":"https:\/\/gaxcoes.com\/index.php\/wp-json\/wp\/v2\/types\/page"}],"author":[{"embeddable":true,"href":"https:\/\/gaxcoes.com\/index.php\/wp-json\/wp\/v2\/users\/1"}],"replies":[{"embeddable":true,"href":"https:\/\/gaxcoes.com\/index.php\/wp-json\/wp\/v2\/comments?post=3"}],"version-history":[{"count":1,"href":"https:\/\/gaxcoes.com\/index.php\/wp-json\/wp\/v2\/pages\/3\/revisions"}],"predecessor-version":[{"id":104,"href":"https:\/\/gaxcoes.com\/index.php\/wp-json\/wp\/v2\/pages\/3\/revisions\/104"}],"wp:attachment":[{"href":"https:\/\/gaxcoes.com\/index.php\/wp-json\/wp\/v2\/media?parent=3"}],"curies":[{"name":"wp","href":"https:\/\/api.w.org\/{rel}","templated":true}]}}